{"id":3158,"date":"2021-08-27T15:15:44","date_gmt":"2021-08-27T15:15:44","guid":{"rendered":"https:\/\/minkenbergschilderwerken.eu\/?page_id=3158"},"modified":"2021-09-29T09:50:06","modified_gmt":"2021-09-29T09:50:06","slug":"contact","status":"publish","type":"page","link":"https:\/\/minkenbergschilderwerken.eu\/de\/contact","title":{"rendered":"Kontakt"},"content":{"rendered":"<div id=\"fws_69fb3a21982f7\"  data-column-margin=\"default\" data-midnight=\"dark\"  class=\"wpb_row vc_row-fluid vc_row  vc_row-o-equal-height vc_row-flex\"  style=\"padding-top: 70px; padding-bottom: 60px; \"><div class=\"row-bg-wrap\" data-bg-animation=\"none\" data-bg-overlay=\"false\"><div class=\"inner-wrap\"><div class=\"row-bg\"  style=\"\"><\/div><\/div><\/div><div class=\"row_col_wrap_12 col span_12 dark left\">\n\t<div  class=\"vc_col-sm-6 wpb_column column_container vc_column_container col no-extra-padding inherit_tablet inherit_phone\"  data-padding-pos=\"all\" data-has-bg-color=\"false\" data-bg-color=\"\" data-bg-opacity=\"1\" data-animation=\"\" data-delay=\"0\" >\n\t\t<div class=\"vc_column-inner\" >\n\t\t\t<div class=\"wpb_wrapper\">\n\t\t\t\t\r\n<div class=\"wpb_text_column wpb_content_element\" >\r\n\t<div class=\"wpb_wrapper\">\r\n\t\t<h1>Kontakt<\/h1>\n<p>Haben Sie Fragen zu unserer Arbeit, w\u00fcnschen Sie eine unverbindliche Beratung oder ein Angebot, oder m\u00f6chten Sie etwas Bestimmtes wissen? Z\u00f6gern Sie nicht, Kontakt mit uns aufzunehmen! Sie erreichen uns \u00fcber die unten stehenden Kontaktdaten \u2013 wir freuen uns auf Ihre Nachricht!<\/p>\n<h2>Minkenberg Malerarbeiten<\/h2>\n<h3>info@minkenbergschilderwerken.eu<br \/>\n+31 <span class=\"mw31Ze\">6 84029183<\/span><\/h3>\n<h3>Vijverweg 108<br \/>\n6133AX Sittard<br \/>\nNederland<\/h3>\n<h3>KvK nr: 74616420<br \/>\nBTW nummer: 002 300 970 B67<\/h3>\n\t<\/div>\r\n<\/div>\r\n\r\n\r\n\r\n\n\t\t\t<\/div> \n\t\t<\/div>\n\t<\/div> \n\n\t<div  class=\"vc_col-sm-6 wpb_column column_container vc_column_container col no-extra-padding inherit_tablet inherit_phone\"  data-padding-pos=\"all\" data-has-bg-color=\"false\" data-bg-color=\"\" data-bg-opacity=\"1\" data-animation=\"\" data-delay=\"0\" >\n\t\t<div class=\"vc_column-inner\" >\n\t\t\t<div class=\"wpb_wrapper\">\n\t\t\t\t\n\t\t\t<\/div> \n\t\t<\/div>\n\t<\/div> \n<\/div><\/div>\r\n\t\t<div id=\"fws_69fb3a219870a\"  data-column-margin=\"default\" data-midnight=\"light\"  class=\"wpb_row vc_row-fluid vc_row full-width-section\"  style=\"padding-top: 70px; padding-bottom: 70px; \"><div class=\"row-bg-wrap\" data-bg-animation=\"none\" data-bg-overlay=\"false\"><div class=\"inner-wrap\"><div class=\"row-bg using-bg-color\"  style=\"background-color: #282828; \"><\/div><\/div><\/div><div class=\"row_col_wrap_12 col span_12 light center\">\n\t<div  class=\"vc_col-sm-12 wpb_column column_container vc_column_container col no-extra-padding inherit_tablet inherit_phone\"  data-padding-pos=\"all\" data-has-bg-color=\"false\" data-bg-color=\"\" data-bg-opacity=\"1\" data-animation=\"\" data-delay=\"0\" >\n\t\t<div class=\"vc_column-inner\" >\n\t\t\t<div class=\"wpb_wrapper\">\n\t\t\t\t\r\n<div class=\"wpb_text_column wpb_content_element\" >\r\n\t<div class=\"wpb_wrapper\">\r\n\t\t<h2>Hochwertige Malerarbeiten<br \/>\nF\u00fcr Gesch\u00e4fts- und Privatkunden<\/h2>\n\t<\/div>\r\n<\/div>\r\n\r\n\r\n\r\n\n\t\t\t<\/div> \n\t\t<\/div>\n\t<\/div> \n<\/div><\/div>","protected":false},"excerpt":{"rendered":"Contact Heeft u vragen over ons werk, wilt u een vrijblijvend advies of een offerte ontvangen, of wilt u iets specifieks weten? Twijfel niet om contact met ons op te...","protected":false},"author":1,"featured_media":0,"parent":0,"menu_order":0,"comment_status":"closed","ping_status":"closed","template":"","meta":{"footnotes":""},"class_list":["post-3158","page","type-page","status-publish"],"_links":{"self":[{"href":"https:\/\/minkenbergschilderwerken.eu\/de\/wp-json\/wp\/v2\/pages\/3158","targetHints":{"allow":["GET"]}}],"collection":[{"href":"https:\/\/minkenbergschilderwerken.eu\/de\/wp-json\/wp\/v2\/pages"}],"about":[{"href":"https:\/\/minkenbergschilderwerken.eu\/de\/wp-json\/wp\/v2\/types\/page"}],"author":[{"embeddable":true,"href":"https:\/\/minkenbergschilderwerken.eu\/de\/wp-json\/wp\/v2\/users\/1"}],"replies":[{"embeddable":true,"href":"https:\/\/minkenbergschilderwerken.eu\/de\/wp-json\/wp\/v2\/comments?post=3158"}],"version-history":[{"count":4,"href":"https:\/\/minkenbergschilderwerken.eu\/de\/wp-json\/wp\/v2\/pages\/3158\/revisions"}],"predecessor-version":[{"id":3326,"href":"https:\/\/minkenbergschilderwerken.eu\/de\/wp-json\/wp\/v2\/pages\/3158\/revisions\/3326"}],"wp:attachment":[{"href":"https:\/\/minkenbergschilderwerken.eu\/de\/wp-json\/wp\/v2\/media?parent=3158"}],"curies":[{"name":"wp","href":"https:\/\/api.w.org\/{rel}","templated":true}]}}