{"id":3162,"date":"2021-08-27T15:17:12","date_gmt":"2021-08-27T15:17:12","guid":{"rendered":"https:\/\/minkenbergschilderwerken.eu\/?page_id=3162"},"modified":"2021-08-28T17:16:52","modified_gmt":"2021-08-28T17:16:52","slug":"offerte","status":"publish","type":"page","link":"https:\/\/minkenbergschilderwerken.eu\/de\/offerte","title":{"rendered":"Offerte"},"content":{"rendered":"<div id=\"fws_69fb3a9d44a94\"  data-column-margin=\"default\" data-midnight=\"dark\"  class=\"wpb_row vc_row-fluid vc_row\"  style=\"padding-top: 0px; padding-bottom: 0px; \"><div class=\"row-bg-wrap\" data-bg-animation=\"none\" data-bg-overlay=\"false\"><div class=\"inner-wrap\"><div class=\"row-bg\"  style=\"\"><\/div><\/div><\/div><div class=\"row_col_wrap_12 col span_12 dark left\">\n\t<div  class=\"vc_col-sm-12 wpb_column column_container vc_column_container col no-extra-padding inherit_tablet inherit_phone\"  data-padding-pos=\"all\" data-has-bg-color=\"false\" data-bg-color=\"\" data-bg-opacity=\"1\" data-animation=\"\" data-delay=\"0\" >\n\t\t<div class=\"vc_column-inner\" >\n\t\t\t<div class=\"wpb_wrapper\">\n\t\t\t\t\r\n<div class=\"wpb_text_column wpb_content_element\" >\r\n\t<div class=\"wpb_wrapper\">\r\n\t\t<h1 align=\"LEFT\">Angebot anfordern<\/h1>\n<p align=\"LEFT\">Wir kommen gern zu Ihnen f\u00fcr eine unverbindliche Beratung und ein Angebot vorbei. Sie erreichen uns \u00fcber die unten stehenden Kontaktdaten. <span class=\"mw31Ze\">of u kunt onderstaand formulier invullen. Wij horen graag van u!<\/span><\/p>\n<h3 align=\"LEFT\">mail: info@minkenbergschilderwerken.eu<\/h3>\n<h3 align=\"LEFT\">tel: +31 <span class=\"mw31Ze\">6 84029183 <\/span><\/h3>\n\t<\/div>\r\n<\/div>\r\n\r\n\r\n\r\n\n\t\t\t<\/div> \n\t\t<\/div>\n\t<\/div> \n<\/div><\/div>\r\n\t\t<div id=\"fws_69fb3a9d44e8b\"  data-column-margin=\"default\" data-midnight=\"dark\"  class=\"wpb_row vc_row-fluid vc_row\"  style=\"padding-top: 70px; padding-bottom: 60px; \"><div class=\"row-bg-wrap\" data-bg-animation=\"none\" data-bg-overlay=\"false\"><div class=\"inner-wrap\"><div class=\"row-bg\"  style=\"\"><\/div><\/div><\/div><div class=\"row_col_wrap_12 col span_12 dark left\">\n\t<div  class=\"vc_col-sm-12 wpb_column column_container vc_column_container col no-extra-padding right_margin_60px left_margin_60px inherit_tablet inherit_phone\"  data-padding-pos=\"all\" data-has-bg-color=\"false\" data-bg-color=\"\" data-bg-opacity=\"1\" data-animation=\"\" data-delay=\"0\" >\n\t\t<div class=\"vc_column-inner\" >\n\t\t\t<div class=\"wpb_wrapper\">\n\t\t\t\t\r\n<div class=\"wpb_text_column wpb_content_element\" >\r\n\t<div class=\"wpb_wrapper\">\r\n\t\t\n<div class=\"wpcf7 no-js\" id=\"wpcf7-f3167-o1\" lang=\"nl-NL\" dir=\"ltr\" data-wpcf7-id=\"3167\">\n<div class=\"screen-reader-response\"><p role=\"status\" aria-live=\"polite\" aria-atomic=\"true\"><\/p> <ul><\/ul><\/div>\n<form action=\"\/de\/wp-json\/wp\/v2\/pages\/3162#wpcf7-f3167-o1\" method=\"post\" class=\"wpcf7-form init\" aria-label=\"Contactformulier\" novalidate=\"novalidate\" data-status=\"init\" data-trp-original-action=\"\/de\/wp-json\/wp\/v2\/pages\/3162#wpcf7-f3167-o1\">\n<fieldset class=\"hidden-fields-container\"><input type=\"hidden\" name=\"_wpcf7\" value=\"3167\" \/><input type=\"hidden\" name=\"_wpcf7_version\" value=\"6.1.5\" \/><input type=\"hidden\" name=\"_wpcf7_locale\" value=\"nl_NL\" \/><input type=\"hidden\" name=\"_wpcf7_unit_tag\" value=\"wpcf7-f3167-o1\" \/><input type=\"hidden\" name=\"_wpcf7_container_post\" value=\"0\" \/><input type=\"hidden\" name=\"_wpcf7_posted_data_hash\" value=\"\" \/>\n<\/fieldset>\n<p>Name<br \/>\n<span class=\"wpcf7-form-control-wrap\" data-name=\"Naam\"><input size=\"40\" maxlength=\"400\" class=\"wpcf7-form-control wpcf7-text wpcf7-validates-as-required\" aria-required=\"true\" aria-invalid=\"false\" value=\"\" type=\"text\" name=\"Naam\" \/><\/span>\n<\/p>\n<p>Postleizahl<br \/>\n<span class=\"wpcf7-form-control-wrap\" data-name=\"Postcode\"><input size=\"40\" maxlength=\"400\" class=\"wpcf7-form-control wpcf7-text wpcf7-validates-as-required\" aria-required=\"true\" aria-invalid=\"false\" value=\"\" type=\"text\" name=\"Postcode\" \/><\/span>\n<\/p>\n<p>E-mail<br \/>\n<span class=\"wpcf7-form-control-wrap\" data-name=\"E-mail\"><input size=\"40\" maxlength=\"400\" class=\"wpcf7-form-control wpcf7-email wpcf7-validates-as-required wpcf7-text wpcf7-validates-as-email\" aria-required=\"true\" aria-invalid=\"false\" value=\"\" type=\"email\" name=\"E-mail\" \/><\/span>\n<\/p>\n<p>Telefoonnummer<br \/>\n<span class=\"wpcf7-form-control-wrap\" data-name=\"Telefoonnummer\"><input size=\"40\" maxlength=\"400\" class=\"wpcf7-form-control wpcf7-tel wpcf7-validates-as-required wpcf7-text wpcf7-validates-as-tel\" aria-required=\"true\" aria-invalid=\"false\" value=\"\" type=\"tel\" name=\"Telefoonnummer\" \/><\/span>\n<\/p>\n<p>W\u00e4hlen Sie eine Kategorie\n<\/p>\n<p><span class=\"wpcf7-form-control-wrap\" data-name=\"Kieseencategorie\"><span class=\"wpcf7-form-control wpcf7-checkbox wpcf7-validates-as-required\"><span class=\"wpcf7-list-item first last\"><label><input type=\"checkbox\" name=\"Kieseencategorie[]\" value=\"Binnenschilderwerk (bijvoorbeeld deur, kozijn, trap)\" \/><span class=\"wpcf7-list-item-label\">Innenanstrich (z. B. T\u00fcr, Fensterrahmen, Treppe)<\/span><\/label><\/span><\/span><\/span><span class=\"wpcf7-form-control-wrap\" data-name=\"Kieseencategorie\"><span class=\"wpcf7-form-control wpcf7-checkbox wpcf7-validates-as-required\"><span class=\"wpcf7-list-item first last\"><label><input type=\"checkbox\" name=\"Kieseencategorie[]\" value=\"Binnenschilderwerk (bijvoorbeeld sauzen wanden, plafonds)\" \/><span class=\"wpcf7-list-item-label\">Innenanstrich (zum Beispiel W\u00e4nde und Decken streichen)<\/span><\/label><\/span><\/span><\/span><span class=\"wpcf7-form-control-wrap\" data-name=\"Kieseencategorie\"><span class=\"wpcf7-form-control wpcf7-checkbox wpcf7-validates-as-required\"><span class=\"wpcf7-list-item first last\"><label><input type=\"checkbox\" name=\"Kieseencategorie[]\" value=\"Buitenschilderwerk\" \/><span class=\"wpcf7-list-item-label\">Au\u00dfenanstrich<\/span><\/label><\/span><\/span><\/span><span class=\"wpcf7-form-control-wrap\" data-name=\"Kieseencategorie\"><span class=\"wpcf7-form-control wpcf7-checkbox wpcf7-validates-as-required\"><span class=\"wpcf7-list-item first last\"><label><input type=\"checkbox\" name=\"Kieseencategorie[]\" value=\"Behangen\" \/><span class=\"wpcf7-list-item-label\">Tapezieren<\/span><\/label><\/span><\/span><\/span><span class=\"wpcf7-form-control-wrap\" data-name=\"Kieseencategorie\"><span class=\"wpcf7-form-control wpcf7-checkbox wpcf7-validates-as-required\"><span class=\"wpcf7-list-item first last\"><label><input type=\"checkbox\" name=\"Kieseencategorie[]\" value=\"Behangen renovlies\" \/><span class=\"wpcf7-list-item-label\">Tapezier-Renoviervlies<\/span><\/label><\/span><\/span><\/span><span class=\"wpcf7-form-control-wrap\" data-name=\"Kieseencategorie\"><span class=\"wpcf7-form-control wpcf7-checkbox wpcf7-validates-as-required\"><span class=\"wpcf7-list-item first last\"><label><input type=\"checkbox\" name=\"Kieseencategorie[]\" value=\"Verfspuit- of stucwerk\" \/><span class=\"wpcf7-list-item-label\">Farbspritzen oder Verputzen<\/span><\/label><\/span><\/span><\/span><span class=\"wpcf7-form-control-wrap\" data-name=\"Kieseencategorie\"><span class=\"wpcf7-form-control wpcf7-checkbox wpcf7-validates-as-required\"><span class=\"wpcf7-list-item first last\"><label><input type=\"checkbox\" name=\"Kieseencategorie[]\" value=\"zakelijk\/VVE\" \/><span class=\"wpcf7-list-item-label\">Gesch\u00e4ft\/Eigent\u00fcmergemeinschaft<\/span><\/label><\/span><\/span><\/span><span class=\"wpcf7-form-control-wrap\" data-name=\"Kieseencategorie\"><span class=\"wpcf7-form-control wpcf7-checkbox wpcf7-validates-as-required\"><span class=\"wpcf7-list-item first last\"><label><input type=\"checkbox\" name=\"Kieseencategorie[]\" value=\"Meubels\" \/><span class=\"wpcf7-list-item-label\">M\u00f6bel<\/span><\/label><\/span><\/span><\/span>\n<\/p>\n<p>Beschreibung<br \/>\n<span class=\"wpcf7-form-control-wrap\" data-name=\"Omschrijving\"><textarea cols=\"40\" rows=\"10\" maxlength=\"2000\" class=\"wpcf7-form-control wpcf7-textarea wpcf7-validates-as-required\" aria-required=\"true\" aria-invalid=\"false\" placeholder=\"Voraussichtlicher Termin? Zu streichende Fl\u00e4che? Betrifft es W\u00e4nde, Decken, Fensterrahmen, T\u00fcren, Fassadenbretter, Dachgauben, Treppen? Welche B\u00f6den?\" name=\"Omschrijving\"><\/textarea><\/span>\n<\/p>\n<p><input class=\"wpcf7-form-control wpcf7-submit has-spinner\" type=\"submit\" value=\"Senden\" \/>\n<\/p><div class=\"wpcf7-response-output\" aria-hidden=\"true\"><\/div>\n<input type=\"hidden\" name=\"trp-form-language\" value=\"de\"\/><\/form>\n<\/div>\n\n\t<\/div>\r\n<\/div>\r\n\r\n\r\n\r\n\n\t\t\t<\/div> \n\t\t<\/div>\n\t<\/div> \n<\/div><\/div>\r\n\t\t<div id=\"fws_69fb3a9d47702\"  data-column-margin=\"default\" data-midnight=\"light\"  class=\"wpb_row vc_row-fluid vc_row full-width-section\"  style=\"padding-top: 70px; padding-bottom: 70px; \"><div class=\"row-bg-wrap\" data-bg-animation=\"none\" data-bg-overlay=\"false\"><div class=\"inner-wrap using-image\"><div class=\"row-bg using-image\"  style=\"background-image: url(https:\/\/minkenbergschilderwerken.eu\/wp-content\/uploads\/2021\/04\/DSC8424.png); background-position: left top; background-repeat: no-repeat; \"><\/div><\/div><\/div><div class=\"row_col_wrap_12 col span_12 light center\">\n\t<div  class=\"vc_col-sm-12 wpb_column column_container vc_column_container col no-extra-padding inherit_tablet inherit_phone\"  data-padding-pos=\"all\" data-has-bg-color=\"false\" data-bg-color=\"\" data-bg-opacity=\"1\" data-animation=\"\" data-delay=\"0\" >\n\t\t<div class=\"vc_column-inner\" >\n\t\t\t<div class=\"wpb_wrapper\">\n\t\t\t\t\r\n<div class=\"wpb_text_column wpb_content_element\" >\r\n\t<div class=\"wpb_wrapper\">\r\n\t\t<h2>Bereit, Ihr n\u00e4chstes Projekt anzugehen?<\/h2>\n\t<\/div>\r\n<\/div>\r\n\r\n\r\n\r\n\n\t\t\t<\/div> \n\t\t<\/div>\n\t<\/div> \n<\/div><\/div>","protected":false},"excerpt":{"rendered":"Offerte aanvragen Wij komen graag bij u langs voor een vrijblijvend advies en offerte. U kunt ons bereiken via onderstaande contactgegevens of u kunt onderstaand formulier invullen. Wij horen graag...","protected":false},"author":1,"featured_media":0,"parent":0,"menu_order":0,"comment_status":"closed","ping_status":"closed","template":"","meta":{"footnotes":""},"class_list":["post-3162","page","type-page","status-publish"],"_links":{"self":[{"href":"https:\/\/minkenbergschilderwerken.eu\/de\/wp-json\/wp\/v2\/pages\/3162","targetHints":{"allow":["GET"]}}],"collection":[{"href":"https:\/\/minkenbergschilderwerken.eu\/de\/wp-json\/wp\/v2\/pages"}],"about":[{"href":"https:\/\/minkenbergschilderwerken.eu\/de\/wp-json\/wp\/v2\/types\/page"}],"author":[{"embeddable":true,"href":"https:\/\/minkenbergschilderwerken.eu\/de\/wp-json\/wp\/v2\/users\/1"}],"replies":[{"embeddable":true,"href":"https:\/\/minkenbergschilderwerken.eu\/de\/wp-json\/wp\/v2\/comments?post=3162"}],"version-history":[{"count":6,"href":"https:\/\/minkenbergschilderwerken.eu\/de\/wp-json\/wp\/v2\/pages\/3162\/revisions"}],"predecessor-version":[{"id":3263,"href":"https:\/\/minkenbergschilderwerken.eu\/de\/wp-json\/wp\/v2\/pages\/3162\/revisions\/3263"}],"wp:attachment":[{"href":"https:\/\/minkenbergschilderwerken.eu\/de\/wp-json\/wp\/v2\/media?parent=3162"}],"curies":[{"name":"wp","href":"https:\/\/api.w.org\/{rel}","templated":true}]}}